{"id":35,"date":"2025-10-23T17:14:39","date_gmt":"2025-10-23T15:14:39","guid":{"rendered":"https:\/\/ptstock.de\/?page_id=35"},"modified":"2025-10-23T17:14:39","modified_gmt":"2025-10-23T15:14:39","slug":"impressum","status":"publish","type":"page","link":"https:\/\/ptstock.de\/?page_id=35","title":{"rendered":"Impressum"},"content":{"rendered":"\n<p>Psychotherapeutische Praxis<\/p>\n\n\n\n<p>Benjamin Stock<\/p>\n\n\n\n<p>Albert-Hahn-Stra\u00dfe 22<\/p>\n\n\n\n<p>47269 Duisburg<\/p>\n\n\n\n<p>Tel.: 015168400022<\/p>\n\n\n\n<p>Mail: praxis@ptstock.de<\/p>\n\n\n\n<p>Approbation: 2017 (Bezirksregierung D\u00fcsseldorf)<\/p>\n\n\n\n<p>Berufsbezeichnung: Psychologischer Psychotherapeut (Verhaltenstherapie, verliehen in der Bundesrepublik Deutschland<\/p>\n\n\n\n<p>Arztregister:<\/p>\n\n\n\n<p>Aufsichtsbeh\u00f6rde\u00a0<em>gem. \u00a7 6 Nr. 3 TDG<\/em>: Psychotherapeutenkammer NRW, Willst\u00e4tterstr. 10, 40549 D\u00fcsseldorf (zust\u00e4ndige Kammer<\/p>\n\n\n\n<p>Umsatzsteueridentifikationsnummer: entf\u00e4llt, da psychotherapeutische Leistungen als heilberufliche Leistungen gem\u00e4\u00df \u00a7 4 Nr. 14 UStG umsatzsteuerbefreit sind.<\/p>\n\n\n\n<p><\/p>\n\n\n\n<figure class=\"wp-block-embed\"><div class=\"wp-block-embed__wrapper\">\nhttps:\/\/www.ptk-nrw.de\n<\/div><\/figure>\n","protected":false},"excerpt":{"rendered":"<p>Psychotherapeutische Praxis Benjamin Stock Albert-Hahn-Stra\u00dfe 22 47269 Duisburg Tel.: 015168400022 Mail: praxis@ptstock.de Approbation: 2017 (Bezirksregierung D\u00fcsseldorf) Berufsbezeichnung: Psychologischer Psychotherapeut (Verhaltenstherapie, verliehen in der Bundesrepublik Deutschland Arztregister: Aufsichtsbeh\u00f6rde\u00a0gem. \u00a7 6 Nr. 3 TDG: Psychotherapeutenkammer NRW, Willst\u00e4tterstr. 10, 40549 D\u00fcsseldorf (zust\u00e4ndige Kammer Umsatzsteueridentifikationsnummer: entf\u00e4llt, da psychotherapeutische Leistungen als heilberufliche Leistungen gem\u00e4\u00df \u00a7 4 Nr. 14 UStG umsatzsteuerbefreit [&hellip;]<\/p>\n","protected":false},"author":1,"featured_media":0,"parent":0,"menu_order":0,"comment_status":"closed","ping_status":"closed","template":"","meta":{"footnotes":""},"class_list":["post-35","page","type-page","status-publish","hentry"],"_links":{"self":[{"href":"https:\/\/ptstock.de\/index.php?rest_route=\/wp\/v2\/pages\/35","targetHints":{"allow":["GET"]}}],"collection":[{"href":"https:\/\/ptstock.de\/index.php?rest_route=\/wp\/v2\/pages"}],"about":[{"href":"https:\/\/ptstock.de\/index.php?rest_route=\/wp\/v2\/types\/page"}],"author":[{"embeddable":true,"href":"https:\/\/ptstock.de\/index.php?rest_route=\/wp\/v2\/users\/1"}],"replies":[{"embeddable":true,"href":"https:\/\/ptstock.de\/index.php?rest_route=%2Fwp%2Fv2%2Fcomments&post=35"}],"version-history":[{"count":2,"href":"https:\/\/ptstock.de\/index.php?rest_route=\/wp\/v2\/pages\/35\/revisions"}],"predecessor-version":[{"id":38,"href":"https:\/\/ptstock.de\/index.php?rest_route=\/wp\/v2\/pages\/35\/revisions\/38"}],"wp:attachment":[{"href":"https:\/\/ptstock.de\/index.php?rest_route=%2Fwp%2Fv2%2Fmedia&parent=35"}],"curies":[{"name":"wp","href":"https:\/\/api.w.org\/{rel}","templated":true}]}}